{"id":101,"date":"2019-05-31T03:33:14","date_gmt":"2019-05-31T03:33:14","guid":{"rendered":"https:\/\/aesthetismile.com\/?page_id=101"},"modified":"2025-11-05T10:26:35","modified_gmt":"2025-11-05T10:26:35","slug":"office-finder","status":"publish","type":"page","link":"https:\/\/aesthetismile.com\/pl\/office-finder\/","title":{"rendered":"Office Finder"},"content":{"rendered":"<div class=\"wpb-content-wrapper\"><div id=\"tm-row-69e388e4e56ed\" class=\"vc_row vc_row-outer vc_row-fluid\"><div id=\"tm-column-69e388e4e5e07\" class=\"wpb_column vc_column_container vc_col-sm-12\"><div class=\"vc_column-inner\"><div class=\"wpb_wrapper\"><div class=\"tm-spacer\" id=\"tm-spacer-69e388e4e60fe\"><\/div>\n\n<div class=\"tm-heading  center tm-animation move-up\" id=\"tm-heading-69e388e4e6426\">\n\t<h3 class=\"heading\" >Gdzie znale\u017a\u0107 produkty AesthetiSmile<\/h3><\/div>\n\n<div class=\"tm-spacer\" id=\"tm-spacer-69e388e4e68ed\"><\/div>\n\n<div class=\"tm-heading  center tm-animation move-up\" id=\"tm-heading-69e388e4e6b7d\">\n\t<div class=\"heading\" >Szukasz produkt\u00f3w AesthetiSmile w swojej okolicy? Skorzystaj z poni\u017cszej mapy, aby znale\u017a\u0107 nasze zaufane kliniki i miejsca partnerskie w ca\u0142ej Wielkiej Brytanii. Nasi partnerzy s\u0105 w pe\u0142ni przeszkoleni i zatwierdzeni do oferowania produkt\u00f3w i zabieg\u00f3w AesthetiSmile.<\/p>\n<p>Niezale\u017cnie od tego, czy szukasz naszych nak\u0142adek typu clip-on, czy innych produkt\u00f3w poprawiaj\u0105cych u\u015bmiech, wystarczy przybli\u017cy\u0107 map\u0119, aby znale\u017a\u0107 najbli\u017csz\u0105 klinik\u0119 lub specjalist\u0119 medycyny estetycznej oferuj\u0105cego nasz\u0105 gam\u0119.<\/div><\/div>\n\n\n\t<div class=\"wpb_text_column wpb_content_element\" >\n\t\t<div class=\"wpb_wrapper\">\n\t\t\t<p style=\"text-align: center;margin-top:20px;\" class=\"translation-block\">Chcesz zosta\u0107 klinik\u0105 partnersk\u0105? Skontaktuj si\u0119 z nami <strong><a href=\"\/pl\/partner\/\" target=\"_self\">tutaj<\/a><\/strong><\/p>\n\n\t\t<\/div>\n\t<\/div>\n<div class=\"tm-spacer\" id=\"tm-spacer-69e388e4e73d7\"><\/div>\n<div\n\tclass=\"tm-maps  overlay-style-02 tm-animation move-up\"\n\tid=\"tm-map-69e388e4e76f8\"\n>\n\t<div class=\"map\"\n\t     data-height=\"480\"\n\t     data-width=\"100%\"\n\t     data-zoom_enable=\"\"\n\t     data-zoom=\"6\"\n\t     data-map_type=\"roadmap\"\n\t     data-map_style=\"default\"\n\t><\/div>\n\n\t<\/div>\n<script>\n\tjQuery( document )\n\t\t.ready( function( $ ) {\n\n\t\t\tvar gmMapDiv = $( \"#tm-map-69e388e4e76f8\" )\n\t\t\t\t.children( '.map' );\n\n\t\t\t(\n\t\t\t\tfunction( $ ) {\n\n\t\t\t\t\tif ( gmMapDiv.length ) {\n\n\t\t\t\t\t\tvar gmHeight = gmMapDiv.attr( \"data-height\" );\n\t\t\t\t\t\tvar gmWidth = gmMapDiv.attr( \"data-width\" );\n\t\t\t\t\t\tvar gmZoomEnable = gmMapDiv.attr( \"data-zoom_enable\" );\n\t\t\t\t\t\tvar gmZoom = gmMapDiv.attr( \"data-zoom\" );\n\t\t\t\t\t\tgmMapDiv.width( gmWidth )\n\t\t\t\t\t\t        .height( gmHeight );\n\t\t\t\t\t\tgmMapDiv.gmap3( {\n\t\t\t\t\t\t\taction: \"init\",\n\t\t\t\t\t\t\tmarker: {\n\t\t\t\t\t\t\t\tvalues: [\n\t\t\t\t\t\t\t\t\t\t\t\t\t\t\t\t\t\t{\n\t\t\t\t\t\t\t\t\t\taddress: \"35 church gate, bolton, BL11HU\",\n\t\t\t\t\t\t\t\t\t\tdata: \"<div class=\\\"gmap-marker-wrap\\\"><h5 class=\\\"gmap-marker-title\\\">Northwest Beauty Clinic<\\\/h5><div class=\\\"gmap-marker-content\\\">35 church gate<br \\\/>\\nbolton<br \\\/>\\nBL11HU<\\\/div><\\\/div>\",\n\t\t\t\t\t\t\t\t\t\toptions: {\n\t\t\t\t\t\t\t\t\t\t\t\t\t\t\t\t\t\t\t\t\t\ticon: \"https:\/\/aesthetismile.com\/wp-content\/themes\/smilepure\/assets\/images\/maps\/map-marker.png\",\n\t\t\t\t\t\t\t\t\t\t\t\n\t\t\t\t\t\t\t\t\t\t\t\t\t\t\t\t\t\t\t\t\t}\n\t\t\t\t\t\t\t\t\t},\n\t\t\t\t\t\t\t\t\t\t\t\t\t\t\t\t\t\t{\n\t\t\t\t\t\t\t\t\t\taddress: \"Flat 6 The Butts 23 Butts Mead Littlehampton England BN17 6GQ\",\n\t\t\t\t\t\t\t\t\t\tdata: \"<div class=\\\"gmap-marker-wrap\\\"><h5 class=\\\"gmap-marker-title\\\">Castell Luxe Aesthetics<\\\/h5><div class=\\\"gmap-marker-content\\\">Flat 6 The Butts<br \\\/>\\n23 Butts Mead<br \\\/>\\nLittlehampton<br \\\/>\\nEngland<br \\\/>\\nBN17 6GQ<\\\/div><\\\/div>\",\n\t\t\t\t\t\t\t\t\t\toptions: {\n\t\t\t\t\t\t\t\t\t\t\t\t\t\t\t\t\t\t\t\t\t\ticon: \"https:\/\/aesthetismile.com\/wp-content\/themes\/smilepure\/assets\/images\/maps\/map-marker.png\",\n\t\t\t\t\t\t\t\t\t\t\t\n\t\t\t\t\t\t\t\t\t\t\t\t\t\t\t\t\t\t\t\t\t}\n\t\t\t\t\t\t\t\t\t},\n\t\t\t\t\t\t\t\t\t\t\t\t\t\t\t\t\t\t{\n\t\t\t\t\t\t\t\t\t\taddress: \"19 Gorsey Hey, Westhoughton, BL5 2AH \",\n\t\t\t\t\t\t\t\t\t\tdata: \"<div class=\\\"gmap-marker-wrap\\\"><h5 class=\\\"gmap-marker-title\\\">Carrigan & Co <\\\/h5><div class=\\\"gmap-marker-content\\\">19 Gorsey Hey<br \\\/>\\nWesthoughton<br \\\/>\\nBL5 2AH <\\\/div><\\\/div>\",\n\t\t\t\t\t\t\t\t\t\toptions: {\n\t\t\t\t\t\t\t\t\t\t\t\t\t\t\t\t\t\t\t\t\t\ticon: \"https:\/\/aesthetismile.com\/wp-content\/themes\/smilepure\/assets\/images\/maps\/map-marker.png\",\n\t\t\t\t\t\t\t\t\t\t\t\n\t\t\t\t\t\t\t\t\t\t\t\t\t\t\t\t\t\t\t\t\t}\n\t\t\t\t\t\t\t\t\t},\n\t\t\t\t\t\t\t\t\t\t\t\t\t\t\t\t\t\t{\n\t\t\t\t\t\t\t\t\t\taddress: \"Chestnut Grove Mitcham  CR4 1RB \",\n\t\t\t\t\t\t\t\t\t\tdata: \"<div class=\\\"gmap-marker-wrap\\\"><h5 class=\\\"gmap-marker-title\\\">The Whitening Smith <\\\/h5><div class=\\\"gmap-marker-content\\\">Chestnut Grove<br \\\/>\\nMitcham<br \\\/>\\nCR4 1RB <\\\/div><\\\/div>\",\n\t\t\t\t\t\t\t\t\t\toptions: {\n\t\t\t\t\t\t\t\t\t\t\t\t\t\t\t\t\t\t\t\t\t\ticon: \"https:\/\/aesthetismile.com\/wp-content\/themes\/smilepure\/assets\/images\/maps\/map-marker.png\",\n\t\t\t\t\t\t\t\t\t\t\t\n\t\t\t\t\t\t\t\t\t\t\t\t\t\t\t\t\t\t\t\t\t}\n\t\t\t\t\t\t\t\t\t},\n\t\t\t\t\t\t\t\t\t\t\t\t\t\t\t\t\t\t{\n\t\t\t\t\t\t\t\t\t\taddress: \"2-4 ansdell road, blackpool, FY15LX\",\n\t\t\t\t\t\t\t\t\t\tdata: \"<div class=\\\"gmap-marker-wrap\\\"><h5 class=\\\"gmap-marker-title\\\">Abzsolute Beauty<\\\/h5><div class=\\\"gmap-marker-content\\\">2-4 ansdell road<br \\\/>\\nblackpool<br \\\/>\\nFY15LX<\\\/div><\\\/div>\",\n\t\t\t\t\t\t\t\t\t\toptions: {\n\t\t\t\t\t\t\t\t\t\t\t\t\t\t\t\t\t\t\t\t\t\ticon: \"https:\/\/aesthetismile.com\/wp-content\/themes\/smilepure\/assets\/images\/maps\/map-marker.png\",\n\t\t\t\t\t\t\t\t\t\t\t\n\t\t\t\t\t\t\t\t\t\t\t\t\t\t\t\t\t\t\t\t\t}\n\t\t\t\t\t\t\t\t\t},\n\t\t\t\t\t\t\t\t\t\t\t\t\t\t\t\t\t],\n\t\t\t\t\t\t\t\tevents: {\n\t\t\t\t\t\t\t\t\tclick: function( marker, event, context ) {\n\t\t\t\t\t\t\t\t\t\tif ( context.data == 0 ) {\n\t\t\t\t\t\t\t\t\t\t\treturn;\n\t\t\t\t\t\t\t\t\t\t}\n\t\t\t\t\t\t\t\t\t\tvar map = $( this )\n\t\t\t\t\t\t\t\t\t\t\t.gmap3( \"get\" );\n\t\t\t\t\t\t\t\t\t\tinfowindow = $( this )\n\t\t\t\t\t\t\t\t\t\t\t.gmap3( {get: {name: \"infowindow\"}} );\n\t\t\t\t\t\t\t\t\t\tif ( infowindow ) {\n\t\t\t\t\t\t\t\t\t\t\tinfowindow.open( map, marker );\n\t\t\t\t\t\t\t\t\t\t\tinfowindow.setContent( context.data );\n\t\t\t\t\t\t\t\t\t\t} else {\n\t\t\t\t\t\t\t\t\t\t\t$( this )\n\t\t\t\t\t\t\t\t\t\t\t\t.gmap3( {\n\t\t\t\t\t\t\t\t\t\t\t\t\tinfowindow: {\n\t\t\t\t\t\t\t\t\t\t\t\t\t\tanchor: marker,\n\t\t\t\t\t\t\t\t\t\t\t\t\t\toptions: {content: context.data}\n\t\t\t\t\t\t\t\t\t\t\t\t\t}\n\t\t\t\t\t\t\t\t\t\t\t\t} );\n\t\t\t\t\t\t\t\t\t\t}\n\t\t\t\t\t\t\t\t\t}\n\t\t\t\t\t\t\t\t}\n\n\t\t\t\t\t\t\t},\n\t\t\t\t\t\t\t\t\t\t\t\t\t\tmap: {\n\t\t\t\t\t\t\t\toptions: {\n\t\t\t\t\t\t\t\t\tzoom: parseInt( gmZoom ),\n\t\t\t\t\t\t\t\t\tzoomControl: true,\n\t\t\t\t\t\t\t\t\tmapTypeId: google.maps.MapTypeId.ROADMAP,\n\t\t\t\t\t\t\t\t\tmapTypeControl: false,\n\t\t\t\t\t\t\t\t\tscaleControl: false,\n\t\t\t\t\t\t\t\t\tscrollwheel: gmZoomEnable == 'enable' ? true : false,\n\t\t\t\t\t\t\t\t\tstreetViewControl: false,\n\t\t\t\t\t\t\t\t\tdraggable: true,\n\t\t\t\t\t\t\t\t\t\t\t\t\t\t\t\t\t}\n\t\t\t\t\t\t\t}\n\t\t\t\t\t\t} );\n\t\t\t\t\t}\n\t\t\t\t}\n\t\t\t)( jQuery );\n\t\t} );\n<\/script>\n<\/div><\/div><\/div><\/div><div id=\"tm-row-69e388e4e7a60\" class=\"vc_row vc_row-outer vc_row-fluid\"><div id=\"tm-column-69e388e4e7dba\" class=\"wpb_column vc_column_container vc_col-sm-12\"><div class=\"vc_column-inner\"><div class=\"wpb_wrapper\"><\/div><\/div><\/div><\/div>\n<\/div>","protected":false},"excerpt":{"rendered":"Where to Find AesthetiSmile Products Looking to buy AesthetiSmile products near you? Use the map below to find our trusted clinics and partner locations across the UK. These partners are fully trained and approved to offer AesthetiSmile products and treatments. Whether you're after our clip-on veneers or other smile-enhancing products, just zoom in to find the nearest clinic or aesthetic professional offering our range. Want to become a partner clinic? Get in touch here","protected":false},"author":1,"featured_media":0,"parent":0,"menu_order":0,"comment_status":"closed","ping_status":"closed","template":"","meta":{"footnotes":""},"class_list":["post-101","page","type-page","status-publish","hentry"],"yoast_head":"<!-- This site is optimized with the Yoast SEO plugin v25.6 - https:\/\/yoast.com\/wordpress\/plugins\/seo\/ -->\n<title>Office Finder - Aesthetismile<\/title>\n<meta name=\"robots\" content=\"noindex, follow, max-snippet:-1, max-image-preview:large, max-video-preview:-1\" \/>\n<meta property=\"og:locale\" content=\"pl_PL\" \/>\n<meta property=\"og:type\" content=\"article\" \/>\n<meta property=\"og:title\" content=\"Office Finder - Aesthetismile\" \/>\n<meta property=\"og:url\" content=\"https:\/\/aesthetismile.com\/pl\/office-finder\/\" \/>\n<meta property=\"og:site_name\" content=\"Aesthetismile\" \/>\n<meta property=\"article:modified_time\" content=\"2025-11-05T10:26:35+00:00\" \/>\n<meta name=\"twitter:card\" content=\"summary_large_image\" \/>\n<meta name=\"twitter:label1\" content=\"Szacowany czas czytania\" \/>\n\t<meta name=\"twitter:data1\" content=\"4 minuty\" \/>\n<script type=\"application\/ld+json\" class=\"yoast-schema-graph\">{\"@context\":\"https:\/\/schema.org\",\"@graph\":[{\"@type\":\"WebPage\",\"@id\":\"https:\/\/aesthetismile.com\/office-finder\/\",\"url\":\"https:\/\/aesthetismile.com\/office-finder\/\",\"name\":\"Office Finder - Aesthetismile\",\"isPartOf\":{\"@id\":\"https:\/\/aesthetismile.com\/#website\"},\"datePublished\":\"2019-05-31T03:33:14+00:00\",\"dateModified\":\"2025-11-05T10:26:35+00:00\",\"breadcrumb\":{\"@id\":\"https:\/\/aesthetismile.com\/office-finder\/#breadcrumb\"},\"inLanguage\":\"pl-PL\",\"potentialAction\":[{\"@type\":\"ReadAction\",\"target\":[\"https:\/\/aesthetismile.com\/office-finder\/\"]}]},{\"@type\":\"BreadcrumbList\",\"@id\":\"https:\/\/aesthetismile.com\/office-finder\/#breadcrumb\",\"itemListElement\":[{\"@type\":\"ListItem\",\"position\":1,\"name\":\"Home\",\"item\":\"https:\/\/aesthetismile.com\/\"},{\"@type\":\"ListItem\",\"position\":2,\"name\":\"Office Finder\"}]},{\"@type\":\"WebSite\",\"@id\":\"https:\/\/aesthetismile.com\/#website\",\"url\":\"https:\/\/aesthetismile.com\/\",\"name\":\"Aesthetismile\",\"description\":\"\",\"potentialAction\":[{\"@type\":\"SearchAction\",\"target\":{\"@type\":\"EntryPoint\",\"urlTemplate\":\"https:\/\/aesthetismile.com\/?s={search_term_string}\"},\"query-input\":{\"@type\":\"PropertyValueSpecification\",\"valueRequired\":true,\"valueName\":\"search_term_string\"}}],\"inLanguage\":\"pl-PL\"}]}<\/script>\n<!-- \/ Yoast SEO plugin. -->","yoast_head_json":{"title":"Office Finder - Aesthetismile","robots":{"index":"noindex","follow":"follow","max-snippet":"max-snippet:-1","max-image-preview":"max-image-preview:large","max-video-preview":"max-video-preview:-1"},"og_locale":"pl_PL","og_type":"article","og_title":"Office Finder - Aesthetismile","og_url":"https:\/\/aesthetismile.com\/pl\/office-finder\/","og_site_name":"Aesthetismile","article_modified_time":"2025-11-05T10:26:35+00:00","twitter_card":"summary_large_image","twitter_misc":{"Szacowany czas czytania":"4 minuty"},"schema":{"@context":"https:\/\/schema.org","@graph":[{"@type":"WebPage","@id":"https:\/\/aesthetismile.com\/office-finder\/","url":"https:\/\/aesthetismile.com\/office-finder\/","name":"Office Finder - Aesthetismile","isPartOf":{"@id":"https:\/\/aesthetismile.com\/#website"},"datePublished":"2019-05-31T03:33:14+00:00","dateModified":"2025-11-05T10:26:35+00:00","breadcrumb":{"@id":"https:\/\/aesthetismile.com\/office-finder\/#breadcrumb"},"inLanguage":"pl-PL","potentialAction":[{"@type":"ReadAction","target":["https:\/\/aesthetismile.com\/office-finder\/"]}]},{"@type":"BreadcrumbList","@id":"https:\/\/aesthetismile.com\/office-finder\/#breadcrumb","itemListElement":[{"@type":"ListItem","position":1,"name":"Home","item":"https:\/\/aesthetismile.com\/"},{"@type":"ListItem","position":2,"name":"Office Finder"}]},{"@type":"WebSite","@id":"https:\/\/aesthetismile.com\/#website","url":"https:\/\/aesthetismile.com\/","name":"Aesthetismile","description":"","potentialAction":[{"@type":"SearchAction","target":{"@type":"EntryPoint","urlTemplate":"https:\/\/aesthetismile.com\/?s={search_term_string}"},"query-input":{"@type":"PropertyValueSpecification","valueRequired":true,"valueName":"search_term_string"}}],"inLanguage":"pl-PL"}]}},"_links":{"self":[{"href":"https:\/\/aesthetismile.com\/pl\/wp-json\/wp\/v2\/pages\/101","targetHints":{"allow":["GET"]}}],"collection":[{"href":"https:\/\/aesthetismile.com\/pl\/wp-json\/wp\/v2\/pages"}],"about":[{"href":"https:\/\/aesthetismile.com\/pl\/wp-json\/wp\/v2\/types\/page"}],"author":[{"embeddable":true,"href":"https:\/\/aesthetismile.com\/pl\/wp-json\/wp\/v2\/users\/1"}],"replies":[{"embeddable":true,"href":"https:\/\/aesthetismile.com\/pl\/wp-json\/wp\/v2\/comments?post=101"}],"version-history":[{"count":10,"href":"https:\/\/aesthetismile.com\/pl\/wp-json\/wp\/v2\/pages\/101\/revisions"}],"predecessor-version":[{"id":4791,"href":"https:\/\/aesthetismile.com\/pl\/wp-json\/wp\/v2\/pages\/101\/revisions\/4791"}],"wp:attachment":[{"href":"https:\/\/aesthetismile.com\/pl\/wp-json\/wp\/v2\/media?parent=101"}],"curies":[{"name":"wp","href":"https:\/\/api.w.org\/{rel}","templated":true}]}}