{"id":63,"date":"2019-04-23T02:49:56","date_gmt":"2019-04-23T02:49:56","guid":{"rendered":"https:\/\/aesthetismile.com\/?page_id=63"},"modified":"2025-10-13T14:52:36","modified_gmt":"2025-10-13T14:52:36","slug":"dental-health","status":"publish","type":"page","link":"https:\/\/aesthetismile.com\/pl\/","title":{"rendered":"Strona g\u0142\u00f3wna"},"content":{"rendered":"<div class=\"wpb-content-wrapper\"><div id=\"tm-row-69e37274f2540\" class=\"vc_row vc_row-outer vc_row-fluid\"><div id=\"tm-column-69e37274f2bf1\" class=\"wpb_column vc_column_container vc_col-sm-12\"><div class=\"vc_column-inner\"><div class=\"wpb_wrapper\"><div class=\"tm-spacer\" id=\"tm-spacer-69e37274f2ef2\"><\/div>\n\n<div class=\"tm-heading  left tm-animation move-up\" id=\"tm-heading-69e37274f32a9\">\n\t<h3 class=\"heading\" >Nasze podej\u015bcie<\/h3><\/div>\n\n<div class=\"tm-spacer\" id=\"tm-spacer-69e37274f36dc\"><\/div>\n<div id=\"tm-row-inner-69e37274f3b00\" class=\"vc_row vc_inner vc_row-fluid vc_row-o-content-middle vc_row-flex\"><div id=\"tm-column-inner-69e37274f40e2\" class=\"wpb_column vc_column_container vc_col-sm-12 vc_col-lg-8\"><div class=\"vc_column-inner\"><div class=\"wpb_wrapper\">\n<div class=\"tm-heading  left tm-animation move-up\" id=\"tm-heading-69e3727500237\">\n\t<h3 class=\"heading\" >Sprzedawanie wymarzonego u\u015bmiechu jest \u0142atwiejsze, ni\u017c my\u015blisz.<\/h3><\/div>\n\n<div class=\"tm-spacer\" id=\"tm-spacer-69e3727500526\"><\/div>\n<\/div><\/div><\/div><div id=\"tm-column-inner-69e372750074a\" class=\"wpb_column vc_column_container vc_col-sm-12 vc_col-lg-4\"><div class=\"vc_column-inner\"><div class=\"wpb_wrapper\"><div class=\"tm-spacer\" id=\"tm-spacer-69e37275009e3\"><\/div>\n<\/div><\/div><\/div><\/div><div class=\"tm-spacer\" id=\"tm-spacer-69e3727500b42\"><\/div>\n<div class=\"tm-gradation  tm-gradation--with_image tm-animation-queue\" id=\"tm-gradation-69e3727500d57\"\n     data-animation-delay=\"400\"\n>\n\t\t\t<div class=\"item\">\n\n\t\t\t\t\t\t\t\t\t\t\t<div class=\"image-wrap has-image\">\n\t\t\t\t\t<div class=\"count heading-font\"><span\n\t\t\t\t\t\t\tclass=\"number\">01<\/span><\/div>\n\t\t\t\t\t\t\t\t\t\t\t<img decoding=\"async\" src=\"https:\/\/aesthetismile.com\/wp-content\/uploads\/2025\/08\/ChatGPT-Image-Aug-5-2025-09_32_03-PM-1-200x200.png\"\n\t\t\t\t\t\t     alt=\"Gradation Image\"\/>\n\t\t\t\t\t\t\t\t\t<\/div>\n\t\t\t\n\t\t\t\n\t\t\t<div class=\"content-wrap\">\n\t\t\t\t\t\t\t\t\t<h5 class=\"title\">Krok 1: Znajd\u017a swojego konsultanta<\/h5>\n\t\t\t\t\n\t\t\t\t\t\t\t\t\t<div class=\"text\">Your clients start by choosing a verified consultant like you, who will guide them from start to finish.<\/div>\n\t\t\t\t\t\t\t<\/div>\n\t\t<\/div>\n\t\t\t<div class=\"item\">\n\n\t\t\t\t\t\t\t\t\t\t\t<div class=\"image-wrap has-image\">\n\t\t\t\t\t<div class=\"count heading-font\"><span\n\t\t\t\t\t\t\tclass=\"number\">02<\/span><\/div>\n\t\t\t\t\t\t\t\t\t\t\t<img decoding=\"async\" src=\"https:\/\/aesthetismile.com\/wp-content\/uploads\/2025\/08\/ChatGPT-Image-Aug-5-2025-09_38_15-PM-200x200.png\"\n\t\t\t\t\t\t     alt=\"Gradation Image\"\/>\n\t\t\t\t\t\t\t\t\t<\/div>\n\t\t\t\n\t\t\t\n\t\t\t<div class=\"content-wrap\">\n\t\t\t\t\t\t\t\t\t<h5 class=\"title\"> Krok 2: Konsultacja i wyciski<\/h5>\n\t\t\t\t\n\t\t\t\t\t\t\t\t\t<div class=\"text\">The client attends the clinic for impressions and photos, ensuring everything is prepared for their perfect smile.<\/div>\n\t\t\t\t\t\t\t<\/div>\n\t\t<\/div>\n\t\t\t<div class=\"item\">\n\n\t\t\t\t\t\t\t\t\t\t\t<div class=\"image-wrap has-image\">\n\t\t\t\t\t<div class=\"count heading-font\"><span\n\t\t\t\t\t\t\tclass=\"number\">03<\/span><\/div>\n\t\t\t\t\t\t\t\t\t\t\t<img decoding=\"async\" src=\"https:\/\/aesthetismile.com\/wp-content\/uploads\/2025\/08\/icon-create-200x200.png\"\n\t\t\t\t\t\t     alt=\"Gradation Image\"\/>\n\t\t\t\t\t\t\t\t\t<\/div>\n\t\t\t\n\t\t\t\n\t\t\t<div class=\"content-wrap\">\n\t\t\t\t\t\t\t\t\t<h5 class=\"title\"> Krok 3: Indywidualne wykonanie<\/h5>\n\t\t\t\t\n\t\t\t\t\t\t\t\t\t<div class=\"text\">Nasi technicy laboratoryjni r\u0119cznie wykonuj\u0105 lic\u00f3wki nak\u0142adane na z\u0119by, korzystaj\u0105c z wycisk\u00f3w i zdj\u0119\u0107, aby uzyska\u0107 naturalny i wygodny efekt.<\/div>\n\t\t\t\t\t\t\t<\/div>\n\t\t<\/div>\n\t\t\t<div class=\"item\">\n\n\t\t\t\t\t\t\t\t\t\t\t<div class=\"image-wrap has-image\">\n\t\t\t\t\t<div class=\"count heading-font\"><span\n\t\t\t\t\t\t\tclass=\"number\">04<\/span><\/div>\n\t\t\t\t\t\t\t\t\t\t\t<img decoding=\"async\" src=\"https:\/\/aesthetismile.com\/wp-content\/uploads\/2025\/08\/icon_clipin-200x200.png\"\n\t\t\t\t\t\t     alt=\"Gradation Image\"\/>\n\t\t\t\t\t\t\t\t\t<\/div>\n\t\t\t\n\t\t\t\n\t\t\t<div class=\"content-wrap\">\n\t\t\t\t\t\t\t\t\t<h5 class=\"title\"> Krok 4: Ciesz si\u0119 u\u015bmiechem<\/h5>\n\t\t\t\t\n\t\t\t\t\t\t\t\t\t<div class=\"text\">The client returns to the clinic to receive their veneers, clips them in, and leaves with instant\u00a0new\u00a0confidence.<\/div>\n\t\t\t\t\t\t\t<\/div>\n\t\t<\/div>\n\t<\/div>\n<div class=\"tm-spacer\" id=\"tm-spacer-69e3727502130\"><\/div>\n<\/div><\/div><\/div><\/div><div id=\"tm-row-69e3727502609\" data-vc-full-width=\"true\" data-vc-full-width-init=\"false\" class=\"vc_row vc_row-outer vc_row-fluid vc_row-o-content-middle vc_row-flex\"><div id=\"tm-column-69e3727502f91\" class=\"wpb_column vc_column_container vc_col-sm-12 vc_col-lg-7\"><div class=\"vc_column-inner\"><div class=\"wpb_wrapper\">\n<div class=\"tm-heading  left tm-animation move-up\" id=\"tm-heading-69e37275033e1\">\n\t<h3 class=\"heading\" >Chcesz z nami wsp\u00f3\u0142pracowa\u0107?<\/h3><\/div>\n\n\n<div class=\"tm-heading  left tm-animation move-up\" id=\"tm-heading-69e37275038f1\">\n\t<h4 class=\"heading\" >Do\u0142\u0105cz do naszej rosn\u0105cej sieci klinik oferuj\u0105cych AesthetiSmile swoim pacjentom. Zwi\u0119ksz jako\u015b\u0107 swoich us\u0142ug, powi\u0119ksz baz\u0119 klient\u00f3w i zyskaj natychmiastow\u0105 pewno\u015b\u0107 siebie.<\/h4><\/div>\n\n<\/div><\/div><\/div><div id=\"tm-column-69e3727503d76\" class=\"wpb_column vc_column_container vc_col-sm-12 vc_col-lg-5\"><div class=\"vc_column-inner\"><div class=\"wpb_wrapper\"><div class=\"tm-button-group\" id=\"tm-button-group-69e3727504104\">\n\t<div class=\"tm-button-wrapper  tm-animation move-up\" id=\"tm-button-69e372750447d\">\n\t\t<a class=\"tm-button style-modern tm-button-nm tm-button-custom tm-button-\" href=\"\/pl\/partner\/\"\n\t\t\t>\n\n\t\t\n\t\t\t\t\t\t<span class=\"button-text\" data-text=\"More\">\n\t\t\t\tWi\u0119cej\t\t\t<\/span>\n\t\t\t\n\t\t\n\n\t<\/a>\n<\/div>\n<\/div>\n<\/div><\/div><\/div><\/div><div class=\"vc_row-full-width vc_clearfix\"><\/div><div id=\"tm-row-69e3727504db2\" class=\"vc_row vc_row-outer vc_row-fluid\"><div id=\"tm-column-69e3727505245\" class=\"wpb_column vc_column_container vc_col-sm-12\"><div class=\"vc_column-inner\"><div class=\"wpb_wrapper\"><div class=\"tm-spacer\" id=\"tm-spacer-69e372750569d\"><\/div>\n\n<div class=\"tm-heading  center tm-animation move-up\" id=\"tm-heading-69e372750591f\">\n\t<h3 class=\"heading\" >Dlaczego warto nas wybra\u0107<\/h3><\/div>\n\n<div class=\"tm-spacer\" id=\"tm-spacer-69e3727505d1d\"><\/div>\n\n<div class=\"tm-heading  center tm-animation move-up\" id=\"tm-heading-69e3727505f8b\">\n\t<h3 class=\"heading\" >Korzy\u015bci<\/h3><\/div>\n\n<div class=\"tm-spacer\" id=\"tm-spacer-69e3727506302\"><\/div>\n<div id=\"tm-row-inner-69e3727506572\" class=\"vc_row vc_inner vc_row-fluid\"><div id=\"tm-column-inner-69e37275068aa\" class=\"wpb_column vc_column_container vc_col-sm-12 vc_col-lg-4\"><div class=\"vc_column-inner\"><div class=\"wpb_wrapper\"><div class=\"tm-box-icon  style-10 tm-animation move-up\" id=\"tm-box-icon-69e3727506cb8\">\n\t\t<div class=\"content-wrap\">\n\t<div class=\"content-inner\">\n\t\t<div class=\"content-left\">\n\t\t\t\n\t\t\t\t\t\t\t\t\t\t\t\t<div class=\"icon\">\n\t\t\t\t\t\t<span class=\"fa-solid fa-border-none\"><\/span>\n\t\t\t\t\t<\/div>\n\t\t\t\t\t\t\t\t\t\t<\/div>\n\n\t\t<div class=\"content\">\n\n\t\t\t\t\t\t\t<h4 class=\"heading\">\n\t\t\t\t\t\n\t\t\t\t\t\tNieinwazyjny\n\t\t\t\t\t\t\n\t\t\t\t<\/h4>\n\t\t\t\n\t\t\t\t\t\t\t<div class=\"text\">Bez igie\u0142, bez wierte\u0142 i bez trwa\u0142ych zmian w naturalnych z\u0119bach.<\/div>\t\t\t\n\t\t\t\t\t<\/div>\n\t<\/div>\n<\/div>\n<\/div>\n<div class=\"tm-spacer\" id=\"tm-spacer-69e3727507399\"><\/div>\n<\/div><\/div><\/div><div id=\"tm-column-inner-69e37275075a8\" class=\"wpb_column vc_column_container vc_col-sm-12 vc_col-lg-4\"><div class=\"vc_column-inner\"><div class=\"wpb_wrapper\"><div class=\"tm-box-icon  style-10 tm-animation move-up\" id=\"tm-box-icon-69e3727507878\">\n\t\t<div class=\"content-wrap\">\n\t<div class=\"content-inner\">\n\t\t<div class=\"content-left\">\n\t\t\t\n\t\t\t\t\t\t\t\t\t\t\t\t<div class=\"icon\">\n\t\t\t\t\t\t<span class=\"fa-solid fa-money-bill-1-wave\"><\/span>\n\t\t\t\t\t<\/div>\n\t\t\t\t\t\t\t\t\t\t<\/div>\n\n\t\t<div class=\"content\">\n\n\t\t\t\t\t\t\t<h4 class=\"heading\">\n\t\t\t\t\t\n\t\t\t\t\t\tPrzyst\u0119pna cena\n\t\t\t\t\t\t\n\t\t\t\t<\/h4>\n\t\t\t\n\t\t\t\t\t\t\t<div class=\"text\">U\u0142amek koszt\u00f3w tradycyjnych lic\u00f3wek lub stomatologii estetycznej.<\/div>\t\t\t\n\t\t\t\t\t<\/div>\n\t<\/div>\n<\/div>\n<\/div>\n<div class=\"tm-spacer\" id=\"tm-spacer-69e3727507e93\"><\/div>\n<\/div><\/div><\/div><div id=\"tm-column-inner-69e3727508121\" class=\"wpb_column vc_column_container vc_col-sm-12 vc_col-lg-4\"><div class=\"vc_column-inner\"><div class=\"wpb_wrapper\"><div class=\"tm-box-icon  style-10 tm-animation move-up\" id=\"tm-box-icon-69e37275083e2\">\n\t\t<div class=\"content-wrap\">\n\t<div class=\"content-inner\">\n\t\t<div class=\"content-left\">\n\t\t\t\n\t\t\t\t\t\t\t\t\t\t\t\t<div class=\"icon\">\n\t\t\t\t\t\t<span class=\"fa-regular fa-circle-check\"><\/span>\n\t\t\t\t\t<\/div>\n\t\t\t\t\t\t\t\t\t\t<\/div>\n\n\t\t<div class=\"content\">\n\n\t\t\t\t\t\t\t<h4 class=\"heading\">\n\t\t\t\t\t\n\t\t\t\t\t\tIndywidualne dopasowanie\n\t\t\t\t\t\t\n\t\t\t\t<\/h4>\n\t\t\t\n\t\t\t\t\t\t\t<div class=\"text\">Dopasowane do jamy ustnej zapewniaj\u0105 naturalny wygl\u0105d i wygod\u0119.<\/div>\t\t\t\n\t\t\t\t\t<\/div>\n\t<\/div>\n<\/div>\n<\/div>\n<div class=\"tm-spacer\" id=\"tm-spacer-69e3727508a71\"><\/div>\n<\/div><\/div><\/div><\/div><div id=\"tm-row-inner-69e3727508d24\" class=\"vc_row vc_inner vc_row-fluid\"><div id=\"tm-column-inner-69e3727509031\" class=\"wpb_column vc_column_container vc_col-sm-12 vc_col-lg-4\"><div class=\"vc_column-inner\"><div class=\"wpb_wrapper\"><div class=\"tm-box-icon  style-10 tm-animation move-up\" id=\"tm-box-icon-69e37275092cc\">\n\t\t<div class=\"content-wrap\">\n\t<div class=\"content-inner\">\n\t\t<div class=\"content-left\">\n\t\t\t\n\t\t\t\t\t\t\t\t\t\t\t\t<div class=\"icon\">\n\t\t\t\t\t\t<span class=\"fa-solid fa-people-group\"><\/span>\n\t\t\t\t\t<\/div>\n\t\t\t\t\t\t\t\t\t\t<\/div>\n\n\t\t<div class=\"content\">\n\n\t\t\t\t\t\t\t<h4 class=\"heading\">\n\t\t\t\t\t\n\t\t\t\t\t\tPod nadzorem kliniki\n\t\t\t\t\t\t\n\t\t\t\t<\/h4>\n\t\t\t\n\t\t\t\t\t\t\t<div class=\"text\">Profesjonalny nadz\u00f3r w celu zapewnienia bezpiecze\u0144stwa, dok\u0142adno\u015bci i jako\u015bci.<\/div>\t\t\t\n\t\t\t\t\t<\/div>\n\t<\/div>\n<\/div>\n<\/div>\n<div class=\"tm-spacer\" id=\"tm-spacer-69e372750993b\"><\/div>\n<\/div><\/div><\/div><div id=\"tm-column-inner-69e3727509b5e\" class=\"wpb_column vc_column_container vc_col-sm-12 vc_col-lg-4\"><div class=\"vc_column-inner\"><div class=\"wpb_wrapper\"><div class=\"tm-box-icon  style-10 tm-animation move-up\" id=\"tm-box-icon-69e3727509dcb\">\n\t\t<div class=\"content-wrap\">\n\t<div class=\"content-inner\">\n\t\t<div class=\"content-left\">\n\t\t\t\n\t\t\t\t\t\t\t\t\t\t\t\t<div class=\"icon\">\n\t\t\t\t\t\t<span class=\"fa-solid fa-tooth\"><\/span>\n\t\t\t\t\t<\/div>\n\t\t\t\t\t\t\t\t\t\t<\/div>\n\n\t\t<div class=\"content\">\n\n\t\t\t\t\t\t\t<h4 class=\"heading\">\n\t\t\t\t\t\n\t\t\t\t\t\tCoroczne badania kontrolne\n\t\t\t\t\t\t\n\t\t\t\t<\/h4>\n\t\t\t\n\t\t\t\t\t\t\t<div class=\"text\">Zapewniamy coroczn\u0105 kontrol\u0119 stanu zdrowia z\u0119b\u00f3w i oferujemy wiele promocji dla cz\u0142onk\u00f3w.<\/div>\t\t\t\n\t\t\t\t\t<\/div>\n\t<\/div>\n<\/div>\n<\/div>\n<div class=\"tm-spacer\" id=\"tm-spacer-69e372750a4b0\"><\/div>\n<\/div><\/div><\/div><div id=\"tm-column-inner-69e372750a6f1\" class=\"wpb_column vc_column_container vc_col-sm-12 vc_col-lg-4\"><div class=\"vc_column-inner\"><div class=\"wpb_wrapper\"><div class=\"tm-box-icon  style-10 tm-animation move-up\" id=\"tm-box-icon-69e372750a94b\">\n\t\t<div class=\"content-wrap\">\n\t<div class=\"content-inner\">\n\t\t<div class=\"content-left\">\n\t\t\t\n\t\t\t\t\t\t\t\t\t\t\t\t<div class=\"icon\">\n\t\t\t\t\t\t<span class=\"fal fa-credit-card-blank\"><\/span>\n\t\t\t\t\t<\/div>\n\t\t\t\t\t\t\t\t\t\t<\/div>\n\n\t\t<div class=\"content\">\n\n\t\t\t\t\t\t\t<h4 class=\"heading\">\n\t\t\t\t\t\n\t\t\t\t\t\tElastyczne raty\n\t\t\t\t\t\t\n\t\t\t\t<\/h4>\n\t\t\t\n\t\t\t\t\t\t\t<div class=\"text\">Umo\u017cliwiamy okresowe raty koszt\u00f3w zakupu w przypadku, gdy klienci nie s\u0105 w stanie zap\u0142aci\u0107 za us\u0142ugi.<\/div>\t\t\t\n\t\t\t\t\t<\/div>\n\t<\/div>\n<\/div>\n<\/div>\n<div class=\"tm-spacer\" id=\"tm-spacer-69e372750afa6\"><\/div>\n<\/div><\/div><\/div><\/div><div class=\"tm-spacer\" id=\"tm-spacer-69e372750b111\"><\/div>\n<div class=\"tm-image  poster tm-animation move-up\" id=\"tm-image-69e372750b409\">\n\t\t\t<div class=\"image\"><img decoding=\"async\" src=\"https:\/\/aesthetismile.com\/wp-content\/uploads\/2025\/10\/SARAHPOSTER-1-scaled.png\" alt=\"SARAHPOSTER (1)\" \/><\/div>\t\t<\/div>\n<\/div><\/div><\/div><\/div><div id=\"tm-row-69e372750c0c1\" data-vc-full-width=\"true\" data-vc-full-width-init=\"false\" class=\"vc_row vc_row-outer vc_row-fluid\"><div id=\"tm-column-69e372750c713\" class=\"wpb_column vc_column_container vc_col-sm-12\"><div class=\"vc_column-inner\"><div class=\"wpb_wrapper\"><div id=\"tm-row-inner-69e372750cb16\" class=\"vc_row vc_inner vc_row-fluid\"><div id=\"tm-column-inner-69e372750cfb8\" class=\"wpb_column vc_column_container vc_col-sm-12 vc_col-lg-6\"><div class=\"vc_column-inner\"><div class=\"wpb_wrapper\">\n\t<div class=\"tm-testimonial tm-swiper  style-2 equal-height tm-animation move-up\" id=\"tm-testimonial-69e372750d3bc\"\n\t\t data-xs-items=\"1\" data-lg-items=\"1\"\n\t\t data-lg-gutter=\"30\"\n\t\t\n\t\t\n\t\t\n\t\t\t\t\tdata-autoplay=\"5000\"\n\t\t\n\t\t\t\t\tdata-loop=\"1\"\n\t\t\n\t\t\n\t\t\t\t\tdata-effect=\"fade\"\n\t\t\n\t\t data-equal-height=\"1\"\n\t>\n\n\t\t\n\t\t<div class=\"swiper-container\">\n\t<div class=\"swiper-wrapper\">\n\t\t\t\t\t<div class=\"swiper-slide\">\n\n\t\t\t\t<div class=\"testimonial-item\">\n\n\n\t\t\t\t\t<div class=\"testimonial-header\">\n\t\t\t\t\t\t<div class=\"quote-icon\">\n\t\t\t\t\t\t\t<i class=\"fas fa-quote-left\"><\/i>\n\t\t\t\t\t\t<\/div>\n\n\t\t\t\t\t\t\t\t\t\t\t\t\t<div class=\"testimonial-rating\">\n\t\t\t\t\t\t\t\t<i class=\"fas fa-star\"><\/i><i class=\"fas fa-star\"><\/i><i class=\"fas fa-star\"><\/i><i class=\"fas fa-star\"><\/i><i class=\"fas fa-star\"><\/i>\t\t\t\t\t\t\t<\/div>\n\t\t\t\t\t\t\t\t\t\t\t<\/div>\n\n\t\t\t\t\t<div class=\"testimonial-desc\"><p>\"Szczerze m\u00f3wi\u0105c, by\u0142em zdumiony rezultatami. Lic\u00f3wki clip-on wygl\u0105daj\u0105 tak naturalnie - nikt nie mo\u017ce powiedzie\u0107, \u017ce to nie s\u0105 moje prawdziwe z\u0119by. Wreszcie czuj\u0119 si\u0119 pewnie, u\u015bmiechaj\u0105c si\u0119 do zdj\u0119\u0107. Ca\u0142y proces by\u0142 \u0142atwy od pocz\u0105tku do ko\u0144ca, a dopasowanie jest idealne. Zero b\u00f3lu, tylko natychmiastowe rezultaty. \u017ba\u0142uj\u0119 tylko, \u017ce nie zrobi\u0142am tego wcze\u015bniej!\"<\/p>\n<\/div>\n\n\t\t\t\t\t<div class=\"testimonial-footer\">\n\t\t\t\t\t\t<div class=\"testimonial-main-info\">\n\t\t\t\t\t\t\t\t\t\t\t\t\t\t\t\t\t\t\t\t\t\t\t<div class=\"post-thumbnail\">\n\t\t\t\t\t\t\t\t\t<img decoding=\"async\" src=\"https:\/\/aesthetismile.com\/wp-content\/uploads\/2019\/06\/18-70x70.jpg\"\n\t\t\t\t\t\t\t\t\t     alt=\"Chloe R\"\/>\n\t\t\t\t\t\t\t\t<\/div>\n\t\t\t\t\t\t\t\n\t\t\t\t\t\t\t<div class=\"info-wrap\">\n\t\t\t\t\t\t\t\t<h6 class=\"testimonial-name\">Chloe R<\/h6>\n\n\t\t\t\t\t\t\t\t\t\t\t\t\t\t\t\t\t<div class=\"testimonial-by-line\">\n\t\t\t\t\t\t\t\t\t\tSzcz\u0119\u015bliwi klienci\t\t\t\t\t\t\t\t\t<\/div>\n\t\t\t\t\t\t\t\t\t\t\t\t\t\t\t<\/div>\n\t\t\t\t\t\t<\/div>\n\n\t\t\t\t\t\t<div class=\"swiper-custom-action-wrap\">\n\t\t\t\t\t\t\t<a class=\"swiper-custom-btn btn-prev-slider\">\n\t\t\t\t\t\t\t\t<span class=\"fal fa-chevron-left\"><\/span>\n\t\t\t\t\t\t\t<\/a>\n\t\t\t\t\t\t\t<a class=\"swiper-custom-btn btn-next-slider\">\n\t\t\t\t\t\t\t\t<span class=\"fal fa-chevron-right\"><\/span>\n\t\t\t\t\t\t\t<\/a>\n\t\t\t\t\t\t<\/div>\n\t\t\t\t\t<\/div>\n\n\t\t\t\t<\/div>\n\n\t\t\t<\/div>\n\n\t\t\t\t\t<div class=\"swiper-slide\">\n\n\t\t\t\t<div class=\"testimonial-item\">\n\n\n\t\t\t\t\t<div class=\"testimonial-header\">\n\t\t\t\t\t\t<div class=\"quote-icon\">\n\t\t\t\t\t\t\t<i class=\"fas fa-quote-left\"><\/i>\n\t\t\t\t\t\t<\/div>\n\n\t\t\t\t\t\t\t\t\t\t\t\t\t<div class=\"testimonial-rating\">\n\t\t\t\t\t\t\t\t<i class=\"fas fa-star\"><\/i><i class=\"fas fa-star\"><\/i><i class=\"fas fa-star\"><\/i><i class=\"fas fa-star\"><\/i><i class=\"fas fa-star\"><\/i>\t\t\t\t\t\t\t<\/div>\n\t\t\t\t\t\t\t\t\t\t\t<\/div>\n\n\t\t\t\t\t<div class=\"testimonial-desc\"><p>\"Zawsze by\u0142am skr\u0119powana swoim u\u015bmiechem, ale AesthetiSmile ca\u0142kowicie to zmieni\u0142o. Lic\u00f3wki clip-on s\u0105 wygodne, wygl\u0105daj\u0105 niesamowicie i doda\u0142y mi pewno\u015bci siebie, kt\u00f3rej nie wiedzia\u0142am, \u017ce potrzebuj\u0119. Teraz naprawd\u0119 lubi\u0119 si\u0119 u\u015bmiecha\u0107 - to zmieni\u0142o moje \u017cycie\".<\/p>\n<\/div>\n\n\t\t\t\t\t<div class=\"testimonial-footer\">\n\t\t\t\t\t\t<div class=\"testimonial-main-info\">\n\t\t\t\t\t\t\t\t\t\t\t\t\t\t\t\t\t\t\t\t\t\t\t<div class=\"post-thumbnail\">\n\t\t\t\t\t\t\t\t\t<img decoding=\"async\" src=\"https:\/\/aesthetismile.com\/wp-content\/uploads\/2019\/06\/19-70x70.jpg\"\n\t\t\t\t\t\t\t\t\t     alt=\"James T\"\/>\n\t\t\t\t\t\t\t\t<\/div>\n\t\t\t\t\t\t\t\n\t\t\t\t\t\t\t<div class=\"info-wrap\">\n\t\t\t\t\t\t\t\t<h6 class=\"testimonial-name\">James T<\/h6>\n\n\t\t\t\t\t\t\t\t\t\t\t\t\t\t\t\t\t<div class=\"testimonial-by-line\">\n\t\t\t\t\t\t\t\t\t\tSzcz\u0119\u015bliwi klienci\t\t\t\t\t\t\t\t\t<\/div>\n\t\t\t\t\t\t\t\t\t\t\t\t\t\t\t<\/div>\n\t\t\t\t\t\t<\/div>\n\n\t\t\t\t\t\t<div class=\"swiper-custom-action-wrap\">\n\t\t\t\t\t\t\t<a class=\"swiper-custom-btn btn-prev-slider\">\n\t\t\t\t\t\t\t\t<span class=\"fal fa-chevron-left\"><\/span>\n\t\t\t\t\t\t\t<\/a>\n\t\t\t\t\t\t\t<a class=\"swiper-custom-btn btn-next-slider\">\n\t\t\t\t\t\t\t\t<span class=\"fal fa-chevron-right\"><\/span>\n\t\t\t\t\t\t\t<\/a>\n\t\t\t\t\t\t<\/div>\n\t\t\t\t\t<\/div>\n\n\t\t\t\t<\/div>\n\n\t\t\t<\/div>\n\n\t\t\t<\/div>\n<\/div>\n\n<script>\n\t(\n\t\tfunction( $ ) {\n\t\t\t$( window ).on( 'load', function() {\n\t\t\t\tvar $slider = $( '#tm-testimonial-69e372750d3bc' );\n\t\t\t\tvar $sliderInstance = $slider.find( '.swiper-container' ).first()[ 0 ].swiper;\n\n\t\t\t\t$slider.on( 'click', '.swiper-custom-btn', function() {\n\t\t\t\t\tif ( $( this ).hasClass( 'btn-prev-slider' ) ) {\n\t\t\t\t\t\t$sliderInstance.slidePrev();\n\t\t\t\t\t} else {\n\t\t\t\t\t\t$sliderInstance.slideNext();\n\t\t\t\t\t}\n\t\t\t\t} );\n\t\t\t} );\n\t\t}( jQuery )\n\t);\n<\/script>\n\n\t<\/div>\n\t<div class=\"tm-spacer\" id=\"tm-spacer-69e372750f4db\"><\/div>\n<\/div><\/div><\/div><div id=\"tm-column-inner-69e372750f73d\" class=\"wpb_column vc_column_container vc_col-sm-12 vc_col-lg-6\"><div class=\"vc_column-inner\"><div class=\"wpb_wrapper\"><div class=\"tm-before-after-image  tm-animation move-up\" id=\"tm-before-after-image-69e372750faaf\">\n\t\t\t<div class=\"image\"><img decoding=\"async\" src=\"https:\/\/aesthetismile.com\/wp-content\/uploads\/2019\/07\/image-before-910x660.jpg\" alt=\"image-before\" \/><\/div>\t\t\t\t<div class=\"image\"><img decoding=\"async\" src=\"https:\/\/aesthetismile.com\/wp-content\/uploads\/2019\/07\/image-after-910x660.jpg\" alt=\"image-after\" \/><\/div>\t<\/div>\n<div class=\"tm-spacer\" id=\"tm-spacer-69e37275110ea\"><\/div>\n<\/div><\/div><\/div><\/div><div class=\"tm-image  poster tm-animation move-up\" id=\"tm-image-69e3727511398\">\n\t\t\t<div class=\"image\"><img decoding=\"async\" src=\"https:\/\/aesthetismile.com\/wp-content\/uploads\/2025\/08\/beforeafter.jpg\" alt=\"beforeafter\" \/><\/div>\t\t<\/div>\n<\/div><\/div><\/div><\/div><div class=\"vc_row-full-width vc_clearfix\"><\/div><div id=\"tm-row-69e37275121ea\" data-vc-full-width=\"true\" data-vc-full-width-init=\"false\" class=\"vc_row vc_row-outer vc_row-fluid\"><div id=\"tm-column-69e372751259c\" class=\"wpb_column vc_column_container vc_col-sm-12\"><div class=\"vc_column-inner\"><div class=\"wpb_wrapper\">\n<div class=\"tm-heading  center tm-animation move-up\" id=\"tm-heading-69e3727512a01\">\n\t<h3 class=\"heading\" ><span class=\"icon fal fa-map-marker-alt\"><\/span><a href=\"\/pl\/office-finder\/\">Znajd\u017a konsultanta AesthetiSmile w pobli\u017cu<\/a><\/h3><\/div>\n\n<\/div><\/div><\/div><\/div><div class=\"vc_row-full-width vc_clearfix\"><\/div>\n<\/div>","protected":false},"excerpt":{"rendered":"\"Zawsze by\u0142am skr\u0119powana swoim u\u015bmiechem, ale AesthetiSmile ca\u0142kowicie to zmieni\u0142o. Lic\u00f3wki clip-on s\u0105 wygodne, wygl\u0105daj\u0105 niesamowicie i doda\u0142y mi pewno\u015bci siebie, kt\u00f3rej nie wiedzia\u0142am, \u017ce potrzebuj\u0119. Teraz naprawd\u0119 lubi\u0119 si\u0119 u\u015bmiecha\u0107 - to zmieni\u0142o moje \u017cycie\".","protected":false},"author":1,"featured_media":0,"parent":0,"menu_order":0,"comment_status":"closed","ping_status":"closed","template":"","meta":{"footnotes":""},"class_list":["post-63","page","type-page","status-publish","hentry"],"yoast_head":"<!-- This site is optimized with the Yoast SEO plugin v25.6 - https:\/\/yoast.com\/wordpress\/plugins\/seo\/ -->\n<title>Home - Aesthetismile<\/title>\n<meta name=\"robots\" content=\"noindex, follow, max-snippet:-1, max-image-preview:large, max-video-preview:-1\" \/>\n<meta property=\"og:locale\" content=\"pl_PL\" \/>\n<meta property=\"og:type\" content=\"article\" \/>\n<meta property=\"og:title\" content=\"Home - Aesthetismile\" \/>\n<meta property=\"og:url\" content=\"https:\/\/aesthetismile.com\/pl\/\" \/>\n<meta property=\"og:site_name\" content=\"Aesthetismile\" \/>\n<meta property=\"article:modified_time\" content=\"2025-10-13T14:52:36+00:00\" \/>\n<meta name=\"twitter:card\" content=\"summary_large_image\" \/>\n<meta name=\"twitter:label1\" content=\"Szacowany czas czytania\" \/>\n\t<meta name=\"twitter:data1\" content=\"2 minuty\" \/>\n<script type=\"application\/ld+json\" class=\"yoast-schema-graph\">{\"@context\":\"https:\/\/schema.org\",\"@graph\":[{\"@type\":\"WebPage\",\"@id\":\"https:\/\/aesthetismile.com\/\",\"url\":\"https:\/\/aesthetismile.com\/\",\"name\":\"Home - Aesthetismile\",\"isPartOf\":{\"@id\":\"https:\/\/aesthetismile.com\/#website\"},\"datePublished\":\"2019-04-23T02:49:56+00:00\",\"dateModified\":\"2025-10-13T14:52:36+00:00\",\"breadcrumb\":{\"@id\":\"https:\/\/aesthetismile.com\/#breadcrumb\"},\"inLanguage\":\"pl-PL\",\"potentialAction\":[{\"@type\":\"ReadAction\",\"target\":[\"https:\/\/aesthetismile.com\/\"]}]},{\"@type\":\"BreadcrumbList\",\"@id\":\"https:\/\/aesthetismile.com\/#breadcrumb\",\"itemListElement\":[{\"@type\":\"ListItem\",\"position\":1,\"name\":\"Home\",\"item\":\"https:\/\/aesthetismile.com\/\"},{\"@type\":\"ListItem\",\"position\":2,\"name\":\"Home\"}]},{\"@type\":\"WebSite\",\"@id\":\"https:\/\/aesthetismile.com\/#website\",\"url\":\"https:\/\/aesthetismile.com\/\",\"name\":\"Aesthetismile\",\"description\":\"\",\"potentialAction\":[{\"@type\":\"SearchAction\",\"target\":{\"@type\":\"EntryPoint\",\"urlTemplate\":\"https:\/\/aesthetismile.com\/?s={search_term_string}\"},\"query-input\":{\"@type\":\"PropertyValueSpecification\",\"valueRequired\":true,\"valueName\":\"search_term_string\"}}],\"inLanguage\":\"pl-PL\"}]}<\/script>\n<!-- \/ Yoast SEO plugin. -->","yoast_head_json":{"title":"Home - Aesthetismile","robots":{"index":"noindex","follow":"follow","max-snippet":"max-snippet:-1","max-image-preview":"max-image-preview:large","max-video-preview":"max-video-preview:-1"},"og_locale":"pl_PL","og_type":"article","og_title":"Home - Aesthetismile","og_url":"https:\/\/aesthetismile.com\/pl\/","og_site_name":"Aesthetismile","article_modified_time":"2025-10-13T14:52:36+00:00","twitter_card":"summary_large_image","twitter_misc":{"Szacowany czas czytania":"2 minuty"},"schema":{"@context":"https:\/\/schema.org","@graph":[{"@type":"WebPage","@id":"https:\/\/aesthetismile.com\/","url":"https:\/\/aesthetismile.com\/","name":"Home - Aesthetismile","isPartOf":{"@id":"https:\/\/aesthetismile.com\/#website"},"datePublished":"2019-04-23T02:49:56+00:00","dateModified":"2025-10-13T14:52:36+00:00","breadcrumb":{"@id":"https:\/\/aesthetismile.com\/#breadcrumb"},"inLanguage":"pl-PL","potentialAction":[{"@type":"ReadAction","target":["https:\/\/aesthetismile.com\/"]}]},{"@type":"BreadcrumbList","@id":"https:\/\/aesthetismile.com\/#breadcrumb","itemListElement":[{"@type":"ListItem","position":1,"name":"Home","item":"https:\/\/aesthetismile.com\/"},{"@type":"ListItem","position":2,"name":"Home"}]},{"@type":"WebSite","@id":"https:\/\/aesthetismile.com\/#website","url":"https:\/\/aesthetismile.com\/","name":"Aesthetismile","description":"","potentialAction":[{"@type":"SearchAction","target":{"@type":"EntryPoint","urlTemplate":"https:\/\/aesthetismile.com\/?s={search_term_string}"},"query-input":{"@type":"PropertyValueSpecification","valueRequired":true,"valueName":"search_term_string"}}],"inLanguage":"pl-PL"}]}},"_links":{"self":[{"href":"https:\/\/aesthetismile.com\/pl\/wp-json\/wp\/v2\/pages\/63","targetHints":{"allow":["GET"]}}],"collection":[{"href":"https:\/\/aesthetismile.com\/pl\/wp-json\/wp\/v2\/pages"}],"about":[{"href":"https:\/\/aesthetismile.com\/pl\/wp-json\/wp\/v2\/types\/page"}],"author":[{"embeddable":true,"href":"https:\/\/aesthetismile.com\/pl\/wp-json\/wp\/v2\/users\/1"}],"replies":[{"embeddable":true,"href":"https:\/\/aesthetismile.com\/pl\/wp-json\/wp\/v2\/comments?post=63"}],"version-history":[{"count":20,"href":"https:\/\/aesthetismile.com\/pl\/wp-json\/wp\/v2\/pages\/63\/revisions"}],"predecessor-version":[{"id":4672,"href":"https:\/\/aesthetismile.com\/pl\/wp-json\/wp\/v2\/pages\/63\/revisions\/4672"}],"wp:attachment":[{"href":"https:\/\/aesthetismile.com\/pl\/wp-json\/wp\/v2\/media?parent=63"}],"curies":[{"name":"wp","href":"https:\/\/api.w.org\/{rel}","templated":true}]}}