{"id":820,"date":"2019-07-01T07:39:01","date_gmt":"2019-07-01T07:39:01","guid":{"rendered":"https:\/\/aesthetismile.com\/?page_id=820"},"modified":"2025-08-20T08:14:30","modified_gmt":"2025-08-20T08:14:30","slug":"contact","status":"publish","type":"page","link":"https:\/\/aesthetismile.com\/pl\/contact\/","title":{"rendered":"Kontakt"},"content":{"rendered":"<div class=\"wpb-content-wrapper\"><div id=\"tm-row-69e3881f9f33b\" class=\"vc_row vc_row-outer vc_row-fluid\"><div id=\"tm-column-69e3881f9fac0\" class=\"wpb_column vc_column_container vc_col-sm-12\"><div class=\"vc_column-inner\"><div class=\"wpb_wrapper\"><div id=\"tm-row-inner-69e3881fa0055\" class=\"vc_row vc_inner vc_row-fluid\"><div id=\"tm-column-inner-69e3881fa05e7\" class=\"wpb_column vc_column_container vc_col-sm-12 vc_col-lg-8\"><div class=\"vc_column-inner\"><div class=\"wpb_wrapper\">\n<div class=\"tm-heading  left tm-animation move-up\" id=\"tm-heading-69e3881fa0a0d\">\n\t<h3 class=\"heading\" >Skontaktuj si\u0119 z nami<\/h3><\/div>\n\n<div class=\"tm-spacer\" id=\"tm-spacer-69e3881fa0e44\"><\/div>\n<div class=\"tm-contact-form-7  style-01 gutter-30 tm-animation move-up\" id=\"tm-blog-69e3881fa1102\">\n\t\n<div class=\"wpcf7 no-js\" id=\"wpcf7-f839-o1\" lang=\"en-US\" dir=\"ltr\" data-wpcf7-id=\"839\">\n<div class=\"screen-reader-response\"><p role=\"status\" aria-live=\"polite\" aria-atomic=\"true\"><\/p> <ul><\/ul><\/div>\n<form action=\"\/pl\/wp-json\/wp\/v2\/pages\/820#wpcf7-f839-o1\" method=\"post\" class=\"wpcf7-form init\" aria-label=\"Contact form\" novalidate=\"novalidate\" data-status=\"init\" data-trp-original-action=\"\/pl\/wp-json\/wp\/v2\/pages\/820#wpcf7-f839-o1\">\n<fieldset class=\"hidden-fields-container\"><input type=\"hidden\" name=\"_wpcf7\" value=\"839\" \/><input type=\"hidden\" name=\"_wpcf7_version\" value=\"6.1\" \/><input type=\"hidden\" name=\"_wpcf7_locale\" value=\"en_US\" \/><input type=\"hidden\" name=\"_wpcf7_unit_tag\" value=\"wpcf7-f839-o1\" \/><input type=\"hidden\" name=\"_wpcf7_container_post\" value=\"0\" \/><input type=\"hidden\" name=\"_wpcf7_posted_data_hash\" value=\"\" \/>\n<\/fieldset>\n<div class=\"row\">\n\t<div class=\"col-md-6\">\n\t\t<p><label>Imi\u0119<\/label><br \/>\n<span class=\"wpcf7-form-control-wrap\" data-name=\"your-first-name\"><input size=\"40\" maxlength=\"400\" class=\"wpcf7-form-control wpcf7-text wpcf7-validates-as-required\" aria-required=\"true\" aria-invalid=\"false\" placeholder=\"np. Anna Nowak\" value=\"\" type=\"text\" name=\"your-first-name\" \/><\/span>\n\t\t<\/p>\n\t<\/div>\n\t<div class=\"col-md-6\">\n\t\t<p><label>Nazwisko<\/label><br \/>\n<span class=\"wpcf7-form-control-wrap\" data-name=\"your-last-name\"><input size=\"40\" maxlength=\"400\" class=\"wpcf7-form-control wpcf7-text wpcf7-validates-as-required\" aria-required=\"true\" aria-invalid=\"false\" placeholder=\"Wpisz swoje nazwisko\" value=\"\" type=\"text\" name=\"your-last-name\" \/><\/span>\n\t\t<\/p>\n\t<\/div>\n\t<div class=\"col-md-6\">\n\t\t<p><label>Tw\u00f3j adres e-mail<\/label><br \/>\n<span class=\"wpcf7-form-control-wrap\" data-name=\"your-email\"><input size=\"40\" maxlength=\"400\" class=\"wpcf7-form-control wpcf7-email wpcf7-validates-as-required wpcf7-text wpcf7-validates-as-email\" aria-required=\"true\" aria-invalid=\"false\" placeholder=\"Wpisz sw\u00f3j adres e-mail...\" value=\"\" type=\"email\" name=\"your-email\" \/><\/span>\n\t\t<\/p>\n\t<\/div>\n\t<div class=\"col-md-6\">\n\t\t<p><label>Tw\u00f3j numer telefonu...<\/label><br \/>\n<span class=\"wpcf7-form-control-wrap\" data-name=\"your-phone\"><input size=\"40\" maxlength=\"400\" class=\"wpcf7-form-control wpcf7-tel wpcf7-validates-as-required wpcf7-text wpcf7-validates-as-tel\" aria-required=\"true\" aria-invalid=\"false\" placeholder=\"Wprowad\u017a sw\u00f3j numer telefonu...\" value=\"\" type=\"tel\" name=\"your-phone\" \/><\/span>\n\t\t<\/p>\n\t<\/div>\n\t<div class=\"col-md-12\">\n\t\t<p><label>Twoja wiadomo\u015b\u0107<\/label><br \/>\n<span class=\"wpcf7-form-control-wrap\" data-name=\"your-message\"><textarea cols=\"40\" rows=\"10\" maxlength=\"2000\" class=\"wpcf7-form-control wpcf7-textarea\" aria-invalid=\"false\" placeholder=\"Wprowad\u017a wiadomo\u015b\u0107...\" name=\"your-message\"><\/textarea><\/span>\n\t\t<\/p>\n\t<\/div>\n\t<div class=\"col-md-12\">\n\t\t<div id=\"cf7sr-69e3881fa317b\" class=\"cf7sr-g-recaptcha\" data-theme=\"light\" data-type=\"image\" data-size=\"normal\" data-sitekey=\"6Le9fg0sAAAAAEB7Ff6nQ_0YzQRfboBDFk3bwZBj\"><\/div><span class=\"wpcf7-form-control-wrap cf7sr-recaptcha\" data-name=\"cf7sr-recaptcha\"><input type=\"hidden\" name=\"cf7sr-recaptcha\" value=\"\" class=\"wpcf7-form-control\"><\/span>\n\t\t<\/p>\n\t<\/div>\n\t<div class=\"col-md-12\">\n\t\t<p><input class=\"wpcf7-form-control wpcf7-submit has-spinner\" type=\"submit\" value=\"Skontaktuj si\u0119 z nami\" \/>\n\t\t<\/p>\n\t<\/div>\n<\/div><div class=\"wpcf7-response-output\" aria-hidden=\"true\"><\/div>\n<input type=\"hidden\" name=\"trp-form-language\" value=\"pl\"\/><\/form>\n<\/div>\n<\/div>\n<div class=\"tm-spacer\" id=\"tm-spacer-69e3881fa44d1\"><\/div>\n<\/div><\/div><\/div><div id=\"tm-column-inner-69e3881fa4754\" class=\"wpb_column vc_column_container vc_col-sm-12 vc_col-lg-4\"><div class=\"vc_column-inner\"><div class=\"wpb_wrapper\">\n<div class=\"tm-heading  left tm-animation move-up\" id=\"tm-heading-69e3881fa4ada\">\n\t<h3 class=\"heading\" >\u015aled\u017a nas<\/h3><\/div>\n\n<div class=\"tm-spacer\" id=\"tm-spacer-69e3881fa4ec8\"><\/div>\n\t<div class=\"tm-social-networks  style-rounded-icon-title layout-two-columns tm-animation move-up\" id=\"tm-social-networks-69e3881fa513c\">\n\t\t\n\t\t<ul class=\"list\">\n\t\t\t\t\t\t\t<li class=\"item\" id=\"tm-social-networks-item-69e3881fa55ff\">\n\t\t\t\t\t\t\t\t\t\t<a href=\"#\"\n\t\t\t\t\t\t\t\t\t\t\t\t\ttarget=\"_blank\"\n\t\t\t\t\t\t\n\t\t\t\t\t\t\t\t\t\t\t\t\taria-label=\"Twitter\"\n\t\t\t\t\t\t\n\t\t\t\t\t\t\t\t\t\t\t\t\tclass=\"link\"\n\t\t\t\t\t\t\t\t\t\t\t>\n\t\t\t\t\t\t<i class=\"ion-social-twitter link-icon\"><\/i><span class=\"link-text\">Twitter<\/span>\t\t\t\t\t<\/a>\n\t\t\t\t<\/li>\n\t\t\t\t\t\t\t<li class=\"item\" id=\"tm-social-networks-item-69e3881fa5621\">\n\t\t\t\t\t\t\t\t\t\t<a href=\"#\"\n\t\t\t\t\t\t\t\t\t\t\t\t\ttarget=\"_blank\"\n\t\t\t\t\t\t\n\t\t\t\t\t\t\t\t\t\t\t\t\taria-label=\"Facebook\"\n\t\t\t\t\t\t\n\t\t\t\t\t\t\t\t\t\t\t\t\tclass=\"link\"\n\t\t\t\t\t\t\t\t\t\t\t>\n\t\t\t\t\t\t<i class=\"ion-social-facebook link-icon\"><\/i><span class=\"link-text\">Facebook<\/span>\t\t\t\t\t<\/a>\n\t\t\t\t<\/li>\n\t\t\t\t\t\t\t<li class=\"item\" id=\"tm-social-networks-item-69e3881fa562f\">\n\t\t\t\t\t\t\t\t\t\t<a href=\"#\"\n\t\t\t\t\t\t\t\t\t\t\t\t\ttarget=\"_blank\"\n\t\t\t\t\t\t\n\t\t\t\t\t\t\t\t\t\t\t\t\taria-label=\"Vimeo\"\n\t\t\t\t\t\t\n\t\t\t\t\t\t\t\t\t\t\t\t\tclass=\"link\"\n\t\t\t\t\t\t\t\t\t\t\t>\n\t\t\t\t\t\t<i class=\"ion-social-vimeo link-icon\"><\/i><span class=\"link-text\">Vimeo<\/span>\t\t\t\t\t<\/a>\n\t\t\t\t<\/li>\n\t\t\t\t\t\t\t<li class=\"item\" id=\"tm-social-networks-item-69e3881fa563a\">\n\t\t\t\t\t\t\t\t\t\t<a href=\"#\"\n\t\t\t\t\t\t\t\t\t\t\t\t\ttarget=\"_blank\"\n\t\t\t\t\t\t\n\t\t\t\t\t\t\t\t\t\t\t\t\taria-label=\"Linkedin\"\n\t\t\t\t\t\t\n\t\t\t\t\t\t\t\t\t\t\t\t\tclass=\"link\"\n\t\t\t\t\t\t\t\t\t\t\t>\n\t\t\t\t\t\t<i class=\"ion-social-linkedin link-icon\"><\/i><span class=\"link-text\">Linkedin<\/span>\t\t\t\t\t<\/a>\n\t\t\t\t<\/li>\n\t\t\t\t\t<\/ul>\n\t<\/div>\n<div class=\"tm-spacer\" id=\"tm-spacer-69e3881fa57e9\"><\/div>\n<\/div><\/div><\/div><\/div><\/div><\/div><\/div><\/div>\n<\/div>","protected":false},"excerpt":{"rendered":"Get In Touch First name Latst name Your email Your phone number\u2026 Your mesage Follow Us Twitter Facebook Vimeo Linkedin","protected":false},"author":1,"featured_media":0,"parent":0,"menu_order":0,"comment_status":"closed","ping_status":"closed","template":"","meta":{"footnotes":""},"class_list":["post-820","page","type-page","status-publish","hentry"],"yoast_head":"<!-- This site is optimized with the Yoast SEO plugin v25.6 - https:\/\/yoast.com\/wordpress\/plugins\/seo\/ -->\n<title>Contact - Aesthetismile<\/title>\n<meta name=\"robots\" content=\"noindex, follow, max-snippet:-1, max-image-preview:large, max-video-preview:-1\" \/>\n<meta property=\"og:locale\" content=\"pl_PL\" \/>\n<meta property=\"og:type\" content=\"article\" \/>\n<meta property=\"og:title\" content=\"Contact - Aesthetismile\" \/>\n<meta property=\"og:url\" content=\"https:\/\/aesthetismile.com\/pl\/contact\/\" \/>\n<meta property=\"og:site_name\" content=\"Aesthetismile\" \/>\n<meta property=\"article:modified_time\" content=\"2025-08-20T08:14:30+00:00\" \/>\n<meta name=\"twitter:card\" content=\"summary_large_image\" \/>\n<meta name=\"twitter:label1\" content=\"Szacowany czas czytania\" \/>\n\t<meta name=\"twitter:data1\" content=\"1 minuta\" \/>\n<script type=\"application\/ld+json\" class=\"yoast-schema-graph\">{\"@context\":\"https:\/\/schema.org\",\"@graph\":[{\"@type\":\"WebPage\",\"@id\":\"https:\/\/aesthetismile.com\/contact\/\",\"url\":\"https:\/\/aesthetismile.com\/contact\/\",\"name\":\"Contact - Aesthetismile\",\"isPartOf\":{\"@id\":\"https:\/\/aesthetismile.com\/#website\"},\"datePublished\":\"2019-07-01T07:39:01+00:00\",\"dateModified\":\"2025-08-20T08:14:30+00:00\",\"breadcrumb\":{\"@id\":\"https:\/\/aesthetismile.com\/contact\/#breadcrumb\"},\"inLanguage\":\"pl-PL\",\"potentialAction\":[{\"@type\":\"ReadAction\",\"target\":[\"https:\/\/aesthetismile.com\/contact\/\"]}]},{\"@type\":\"BreadcrumbList\",\"@id\":\"https:\/\/aesthetismile.com\/contact\/#breadcrumb\",\"itemListElement\":[{\"@type\":\"ListItem\",\"position\":1,\"name\":\"Home\",\"item\":\"https:\/\/aesthetismile.com\/\"},{\"@type\":\"ListItem\",\"position\":2,\"name\":\"Contact\"}]},{\"@type\":\"WebSite\",\"@id\":\"https:\/\/aesthetismile.com\/#website\",\"url\":\"https:\/\/aesthetismile.com\/\",\"name\":\"Aesthetismile\",\"description\":\"\",\"potentialAction\":[{\"@type\":\"SearchAction\",\"target\":{\"@type\":\"EntryPoint\",\"urlTemplate\":\"https:\/\/aesthetismile.com\/?s={search_term_string}\"},\"query-input\":{\"@type\":\"PropertyValueSpecification\",\"valueRequired\":true,\"valueName\":\"search_term_string\"}}],\"inLanguage\":\"pl-PL\"}]}<\/script>\n<!-- \/ Yoast SEO plugin. -->","yoast_head_json":{"title":"Contact - Aesthetismile","robots":{"index":"noindex","follow":"follow","max-snippet":"max-snippet:-1","max-image-preview":"max-image-preview:large","max-video-preview":"max-video-preview:-1"},"og_locale":"pl_PL","og_type":"article","og_title":"Contact - Aesthetismile","og_url":"https:\/\/aesthetismile.com\/pl\/contact\/","og_site_name":"Aesthetismile","article_modified_time":"2025-08-20T08:14:30+00:00","twitter_card":"summary_large_image","twitter_misc":{"Szacowany czas czytania":"1 minuta"},"schema":{"@context":"https:\/\/schema.org","@graph":[{"@type":"WebPage","@id":"https:\/\/aesthetismile.com\/contact\/","url":"https:\/\/aesthetismile.com\/contact\/","name":"Contact - Aesthetismile","isPartOf":{"@id":"https:\/\/aesthetismile.com\/#website"},"datePublished":"2019-07-01T07:39:01+00:00","dateModified":"2025-08-20T08:14:30+00:00","breadcrumb":{"@id":"https:\/\/aesthetismile.com\/contact\/#breadcrumb"},"inLanguage":"pl-PL","potentialAction":[{"@type":"ReadAction","target":["https:\/\/aesthetismile.com\/contact\/"]}]},{"@type":"BreadcrumbList","@id":"https:\/\/aesthetismile.com\/contact\/#breadcrumb","itemListElement":[{"@type":"ListItem","position":1,"name":"Home","item":"https:\/\/aesthetismile.com\/"},{"@type":"ListItem","position":2,"name":"Contact"}]},{"@type":"WebSite","@id":"https:\/\/aesthetismile.com\/#website","url":"https:\/\/aesthetismile.com\/","name":"Aesthetismile","description":"","potentialAction":[{"@type":"SearchAction","target":{"@type":"EntryPoint","urlTemplate":"https:\/\/aesthetismile.com\/?s={search_term_string}"},"query-input":{"@type":"PropertyValueSpecification","valueRequired":true,"valueName":"search_term_string"}}],"inLanguage":"pl-PL"}]}},"_links":{"self":[{"href":"https:\/\/aesthetismile.com\/pl\/wp-json\/wp\/v2\/pages\/820","targetHints":{"allow":["GET"]}}],"collection":[{"href":"https:\/\/aesthetismile.com\/pl\/wp-json\/wp\/v2\/pages"}],"about":[{"href":"https:\/\/aesthetismile.com\/pl\/wp-json\/wp\/v2\/types\/page"}],"author":[{"embeddable":true,"href":"https:\/\/aesthetismile.com\/pl\/wp-json\/wp\/v2\/users\/1"}],"replies":[{"embeddable":true,"href":"https:\/\/aesthetismile.com\/pl\/wp-json\/wp\/v2\/comments?post=820"}],"version-history":[{"count":2,"href":"https:\/\/aesthetismile.com\/pl\/wp-json\/wp\/v2\/pages\/820\/revisions"}],"predecessor-version":[{"id":4517,"href":"https:\/\/aesthetismile.com\/pl\/wp-json\/wp\/v2\/pages\/820\/revisions\/4517"}],"wp:attachment":[{"href":"https:\/\/aesthetismile.com\/pl\/wp-json\/wp\/v2\/media?parent=820"}],"curies":[{"name":"wp","href":"https:\/\/api.w.org\/{rel}","templated":true}]}}